{"id":395,"date":"2025-04-06T16:20:56","date_gmt":"2025-04-06T16:20:56","guid":{"rendered":"https:\/\/yanthe.com\/?page_id=395"},"modified":"2025-04-14T09:51:20","modified_gmt":"2025-04-14T09:51:20","slug":"forside","status":"publish","type":"page","link":"https:\/\/yanthe.com\/index.php\/forside\/","title":{"rendered":"Forside"},"content":{"rendered":"\t\t<div data-elementor-type=\"wp-page\" data-elementor-id=\"395\" class=\"elementor elementor-395\" data-elementor-post-type=\"page\">\n\t\t\t\t<div class=\"elementor-element elementor-element-8f2947e e-con-full e-flex e-con e-parent\" data-id=\"8f2947e\" data-element_type=\"container\" data-settings=\"{&quot;background_background&quot;:&quot;classic&quot;}\">\n\t\t<div class=\"elementor-element elementor-element-1348712 e-con-full e-flex e-con e-child\" data-id=\"1348712\" data-element_type=\"container\">\n\t\t\t\t<div class=\"elementor-element elementor-element-aae7086 elementor-widget__width-initial elementor-nav-menu--stretch elementor-nav-menu__align-start elementor-nav-menu--dropdown-mobile elementor-nav-menu__text-align-aside elementor-nav-menu--toggle elementor-nav-menu--burger elementor-widget elementor-widget-nav-menu\" data-id=\"aae7086\" data-element_type=\"widget\" data-settings=\"{&quot;layout&quot;:&quot;vertical&quot;,&quot;full_width&quot;:&quot;stretch&quot;,&quot;submenu_icon&quot;:{&quot;value&quot;:&quot;&lt;svg class=\\&quot;e-font-icon-svg e-fas-caret-down\\&quot; viewBox=\\&quot;0 0 320 512\\&quot; xmlns=\\&quot;http:\\\/\\\/www.w3.org\\\/2000\\\/svg\\&quot;&gt;&lt;path d=\\&quot;M31.3 192h257.3c17.8 0 26.7 21.5 14.1 34.1L174.1 354.8c-7.8 7.8-20.5 7.8-28.3 0L17.2 226.1C4.6 213.5 13.5 192 31.3 192z\\&quot;&gt;&lt;\\\/path&gt;&lt;\\\/svg&gt;&quot;,&quot;library&quot;:&quot;fa-solid&quot;},&quot;toggle&quot;:&quot;burger&quot;}\" data-widget_type=\"nav-menu.default\">\n\t\t\t\t<div class=\"elementor-widget-container\">\n\t\t\t\t\t\t\t\t<nav aria-label=\"Menu\" class=\"elementor-nav-menu--main elementor-nav-menu__container elementor-nav-menu--layout-vertical e--pointer-underline e--animation-fade\">\n\t\t\t\t<ul id=\"menu-1-aae7086\" class=\"elementor-nav-menu sm-vertical\"><li class=\"menu-item menu-item-type-post_type menu-item-object-page menu-item-427\"><a href=\"https:\/\/yanthe.com\/index.php\/forside\/\" class=\"elementor-item\">Forside<\/a><\/li>\n<li class=\"menu-item menu-item-type-post_type menu-item-object-page menu-item-has-children menu-item-420\"><a href=\"https:\/\/yanthe.com\/index.php\/portfolio\/\" class=\"elementor-item\">Portfolio<\/a>\n<ul class=\"sub-menu elementor-nav-menu--dropdown\">\n\t<li class=\"menu-item menu-item-type-post_type menu-item-object-page menu-item-423\"><a href=\"https:\/\/yanthe.com\/index.php\/portfolio\/ny-heartbeat-of-the-world\/\" class=\"elementor-sub-item\">Ny! Heartbeat of the World<\/a><\/li>\n\t<li class=\"menu-item menu-item-type-post_type menu-item-object-page menu-item-421\"><a href=\"https:\/\/yanthe.com\/index.php\/portfolio\/everdina-nellie-og-karavanen\/\" class=\"elementor-sub-item\">Everdina, Nellie og Karavanen \u2013 Et samskabende kunstprojekt<\/a><\/li>\n\t<li class=\"menu-item menu-item-type-post_type menu-item-object-page menu-item-422\"><a href=\"https:\/\/yanthe.com\/index.php\/portfolio\/esme-ikea\/\" class=\"elementor-sub-item\">Jeg bor i IKEA \u2013 Spor af en legende tilstedev\u00e6relseIe<\/a><\/li>\n\t<li class=\"menu-item menu-item-type-post_type menu-item-object-page menu-item-424\"><a href=\"https:\/\/yanthe.com\/index.php\/portfolio\/traktor-kunst-projekt\/\" class=\"elementor-sub-item\">Om Orden og Kaos \u2013 Et Levende Traktor-Fors<\/a><\/li>\n\t<li class=\"menu-item menu-item-type-post_type menu-item-object-page menu-item-425\"><a href=\"https:\/\/yanthe.com\/index.php\/summary-of-other-projects\/\" class=\"elementor-sub-item\">Summary of other Projects<\/a><\/li>\n<\/ul>\n<\/li>\n<li class=\"menu-item menu-item-type-post_type menu-item-object-page menu-item-418\"><a href=\"https:\/\/yanthe.com\/index.php\/kontakt\/\" class=\"elementor-item\">Kontakt<\/a><\/li>\n<li class=\"menu-item menu-item-type-post_type menu-item-object-page menu-item-419\"><a href=\"https:\/\/yanthe.com\/index.php\/om-yanthe-of-om-mig\/\" class=\"elementor-item\">Om mig<\/a><\/li>\n<\/ul>\t\t\t<\/nav>\n\t\t\t\t\t<div class=\"elementor-menu-toggle\" role=\"button\" tabindex=\"0\" aria-label=\"Menu Toggle\" aria-expanded=\"false\">\n\t\t\t<svg aria-hidden=\"true\" role=\"presentation\" class=\"elementor-menu-toggle__icon--open e-font-icon-svg e-eicon-menu-bar\" viewBox=\"0 0 1000 1000\" xmlns=\"http:\/\/www.w3.org\/2000\/svg\"><path d=\"M104 333H896C929 333 958 304 958 271S929 208 896 208H104C71 208 42 237 42 271S71 333 104 333ZM104 583H896C929 583 958 554 958 521S929 458 896 458H104C71 458 42 487 42 521S71 583 104 583ZM104 833H896C929 833 958 804 958 771S929 708 896 708H104C71 708 42 737 42 771S71 833 104 833Z\"><\/path><\/svg><svg aria-hidden=\"true\" role=\"presentation\" class=\"elementor-menu-toggle__icon--close e-font-icon-svg e-eicon-close\" viewBox=\"0 0 1000 1000\" xmlns=\"http:\/\/www.w3.org\/2000\/svg\"><path d=\"M742 167L500 408 258 167C246 154 233 150 217 150 196 150 179 158 167 167 154 179 150 196 150 212 150 229 154 242 171 254L408 500 167 742C138 771 138 800 167 829 196 858 225 858 254 829L496 587 738 829C750 842 767 846 783 846 800 846 817 842 829 829 842 817 846 804 846 783 846 767 842 750 829 737L588 500 833 258C863 229 863 200 833 171 804 137 775 137 742 167Z\"><\/path><\/svg>\t\t<\/div>\n\t\t\t\t\t<nav class=\"elementor-nav-menu--dropdown elementor-nav-menu__container\" aria-hidden=\"true\">\n\t\t\t\t<ul id=\"menu-2-aae7086\" class=\"elementor-nav-menu sm-vertical\"><li class=\"menu-item menu-item-type-post_type menu-item-object-page menu-item-427\"><a href=\"https:\/\/yanthe.com\/index.php\/forside\/\" class=\"elementor-item\" tabindex=\"-1\">Forside<\/a><\/li>\n<li class=\"menu-item menu-item-type-post_type menu-item-object-page menu-item-has-children menu-item-420\"><a href=\"https:\/\/yanthe.com\/index.php\/portfolio\/\" class=\"elementor-item\" tabindex=\"-1\">Portfolio<\/a>\n<ul class=\"sub-menu elementor-nav-menu--dropdown\">\n\t<li class=\"menu-item menu-item-type-post_type menu-item-object-page menu-item-423\"><a href=\"https:\/\/yanthe.com\/index.php\/portfolio\/ny-heartbeat-of-the-world\/\" class=\"elementor-sub-item\" tabindex=\"-1\">Ny! Heartbeat of the World<\/a><\/li>\n\t<li class=\"menu-item menu-item-type-post_type menu-item-object-page menu-item-421\"><a href=\"https:\/\/yanthe.com\/index.php\/portfolio\/everdina-nellie-og-karavanen\/\" class=\"elementor-sub-item\" tabindex=\"-1\">Everdina, Nellie og Karavanen \u2013 Et samskabende kunstprojekt<\/a><\/li>\n\t<li class=\"menu-item menu-item-type-post_type menu-item-object-page menu-item-422\"><a href=\"https:\/\/yanthe.com\/index.php\/portfolio\/esme-ikea\/\" class=\"elementor-sub-item\" tabindex=\"-1\">Jeg bor i IKEA \u2013 Spor af en legende tilstedev\u00e6relseIe<\/a><\/li>\n\t<li class=\"menu-item menu-item-type-post_type menu-item-object-page menu-item-424\"><a href=\"https:\/\/yanthe.com\/index.php\/portfolio\/traktor-kunst-projekt\/\" class=\"elementor-sub-item\" tabindex=\"-1\">Om Orden og Kaos \u2013 Et Levende Traktor-Fors<\/a><\/li>\n\t<li class=\"menu-item menu-item-type-post_type menu-item-object-page menu-item-425\"><a href=\"https:\/\/yanthe.com\/index.php\/summary-of-other-projects\/\" class=\"elementor-sub-item\" tabindex=\"-1\">Summary of other Projects<\/a><\/li>\n<\/ul>\n<\/li>\n<li class=\"menu-item menu-item-type-post_type menu-item-object-page menu-item-418\"><a href=\"https:\/\/yanthe.com\/index.php\/kontakt\/\" class=\"elementor-item\" tabindex=\"-1\">Kontakt<\/a><\/li>\n<li class=\"menu-item menu-item-type-post_type menu-item-object-page menu-item-419\"><a href=\"https:\/\/yanthe.com\/index.php\/om-yanthe-of-om-mig\/\" class=\"elementor-item\" tabindex=\"-1\">Om mig<\/a><\/li>\n<\/ul>\t\t\t<\/nav>\n\t\t\t\t\t\t<\/div>\n\t\t\t\t<\/div>\n\t\t\t\t<\/div>\n\t\t<div class=\"elementor-element elementor-element-6733bfa e-con-full e-flex e-con e-child\" data-id=\"6733bfa\" data-element_type=\"container\">\n\t\t\t\t<div class=\"elementor-element elementor-element-68b219a elementor-widget elementor-widget-heading\" data-id=\"68b219a\" data-element_type=\"widget\" data-widget_type=\"heading.default\">\n\t\t\t\t<div class=\"elementor-widget-container\">\n\t\t\t\t\t<h2 class=\"elementor-heading-title elementor-size-default\">Step into your creative power<\/h2>\t\t\t\t<\/div>\n\t\t\t\t<\/div>\n\t\t<div class=\"elementor-element elementor-element-acaaf40 e-con-full e-flex e-con e-child\" data-id=\"acaaf40\" data-element_type=\"container\">\n\t\t\t\t<div class=\"elementor-element elementor-element-7abda65 elementor-widget elementor-widget-text-editor\" data-id=\"7abda65\" data-element_type=\"widget\" data-widget_type=\"text-editor.default\">\n\t\t\t\t<div class=\"elementor-widget-container\">\n\t\t\t\t\t\t\t\t\t<p><strong data-start=\"161\" data-end=\"194\">Tr\u00e6d ind i din skabende kraft<\/strong><\/p><p><br data-start=\"194\" data-end=\"197\" \/>Velkommen til en verden, hvor <a href=\"https:\/\/yanthe.com\/index.php\/portfolio\/esme-ikea\/\"><span style=\"text-decoration: underline;\">kreativitet<\/span><\/a> og forbindelse er i centrum. Mine projekter er som en<a href=\"https:\/\/yanthe.com\/index.php\/portfolio\/everdina-nellie-og-karavanen\/\"><span style=\"text-decoration: underline;\"> k\u00e6rlighedshistorie<\/span><\/a> \u2013 en rejse, hvor f\u00e6lles skabergl\u00e6de \u00e5bner d\u00f8ren til skjult sk\u00f8nhed, <a href=\"https:\/\/yanthe.com\/index.php\/portfolio\/ny-heartbeat-of-the-world\/\"><span style=\"text-decoration: underline;\">mod<\/span><\/a> og <a href=\"https:\/\/yanthe.com\/index.php\/portfolio\/traktor-kunst-projekt\/\"><span style=\"text-decoration: underline;\">frihed<\/span><\/a>.<br data-start=\"394\" data-end=\"397\" \/>Jeg tror p\u00e5 samarbejdets magi, p\u00e5 at skabe rum, hvor f\u00e6llesskaber kan opdage det, der inspirerer og forbinder dem.<br data-start=\"511\" data-end=\"514\" \/>Tag med p\u00e5 en rejse fuld af uventede eventyr \u2013 og lad os forme nye fort\u00e6llinger sammen.<\/p>\t\t\t\t\t\t\t\t<\/div>\n\t\t\t\t<\/div>\n\t\t\t\t<\/div>\n\t\t<div class=\"elementor-element elementor-element-d2289e0 e-con-full e-flex e-con e-child\" data-id=\"d2289e0\" data-element_type=\"container\">\n\t\t\t\t<div class=\"elementor-element elementor-element-e24115d elementor-invisible elementor-widget elementor-widget-heading\" data-id=\"e24115d\" data-element_type=\"widget\" data-settings=\"{&quot;_animation&quot;:&quot;fadeIn&quot;}\" data-widget_type=\"heading.default\">\n\t\t\t\t<div class=\"elementor-widget-container\">\n\t\t\t\t\t<h4 class=\"elementor-heading-title elementor-size-default\">F\u00e6llesskab, Forbindelse og Fort\u00e6lling \u2013 det er her, magien begynder.<\/h4>\t\t\t\t<\/div>\n\t\t\t\t<\/div>\n\t\t\t\t<\/div>\n\t\t\t\t<\/div>\n\t\t\t\t<\/div>\n\t\t\t\t<\/div>\n\t\t","protected":false},"excerpt":{"rendered":"<p>Step into your creative power Tr\u00e6d ind i din skabende kraft Velkommen til en verden, hvor kreativitet og forbindelse er i centrum. Mine projekter er som en k\u00e6rlighedshistorie \u2013 en rejse, hvor f\u00e6lles skabergl\u00e6de \u00e5bner d\u00f8ren til skjult sk\u00f8nhed, mod og frihed.Jeg tror p\u00e5 samarbejdets magi, p\u00e5 at skabe rum, hvor f\u00e6llesskaber kan opdage det, [&hellip;]<\/p>\n","protected":false},"author":1,"featured_media":0,"parent":0,"menu_order":0,"comment_status":"closed","ping_status":"closed","template":"elementor_header_footer","meta":{"_kadence_starter_templates_imported_post":false,"footnotes":""},"class_list":["post-395","page","type-page","status-publish","hentry"],"yoast_head":"<!-- This site is optimized with the Yoast SEO plugin v25.6 - https:\/\/yoast.com\/wordpress\/plugins\/seo\/ -->\n<title>Yanthe \u2013 Kunst i f\u00e6llesskab, fort\u00e6lling og forandring<\/title>\n<meta name=\"description\" content=\"Dyk ned i kunstprojekter der forbinder mennesker gennem f\u00e6llesskab, kreativitet og fort\u00e6lling. Oplev hjerteslag, traktorer og fantasi.\" \/>\n<meta name=\"robots\" content=\"index, follow, max-snippet:-1, max-image-preview:large, max-video-preview:-1\" \/>\n<link rel=\"canonical\" href=\"https:\/\/yanthe.com\/index.php\/forside\/\" \/>\n<meta property=\"og:locale\" content=\"en_GB\" \/>\n<meta property=\"og:type\" content=\"article\" \/>\n<meta property=\"og:title\" content=\"Yanthe \u2013 Kunst i f\u00e6llesskab, fort\u00e6lling og forandring\" \/>\n<meta property=\"og:description\" content=\"Dyk ned i kunstprojekter der forbinder mennesker gennem f\u00e6llesskab, kreativitet og fort\u00e6lling. Oplev hjerteslag, traktorer og fantasi.\" \/>\n<meta property=\"og:url\" content=\"https:\/\/yanthe.com\/index.php\/forside\/\" \/>\n<meta property=\"og:site_name\" content=\"Yanthe - Community Artist &amp; Story-Builder\" \/>\n<meta property=\"article:modified_time\" content=\"2025-04-14T09:51:20+00:00\" \/>\n<meta name=\"twitter:card\" content=\"summary_large_image\" \/>\n<meta name=\"twitter:label1\" content=\"Estimated reading time\" \/>\n\t<meta name=\"twitter:data1\" content=\"1 minute\" \/>\n<script type=\"application\/ld+json\" class=\"yoast-schema-graph\">{\"@context\":\"https:\/\/schema.org\",\"@graph\":[{\"@type\":\"WebPage\",\"@id\":\"https:\/\/yanthe.com\/index.php\/forside\/\",\"url\":\"https:\/\/yanthe.com\/index.php\/forside\/\",\"name\":\"Yanthe \u2013 Kunst i f\u00e6llesskab, fort\u00e6lling og forandring\",\"isPartOf\":{\"@id\":\"https:\/\/yanthe.com\/#website\"},\"datePublished\":\"2025-04-06T16:20:56+00:00\",\"dateModified\":\"2025-04-14T09:51:20+00:00\",\"description\":\"Dyk ned i kunstprojekter der forbinder mennesker gennem f\u00e6llesskab, kreativitet og fort\u00e6lling. Oplev hjerteslag, traktorer og fantasi.\",\"breadcrumb\":{\"@id\":\"https:\/\/yanthe.com\/index.php\/forside\/#breadcrumb\"},\"inLanguage\":\"en-GB\",\"potentialAction\":[{\"@type\":\"ReadAction\",\"target\":[\"https:\/\/yanthe.com\/index.php\/forside\/\"]}]},{\"@type\":\"BreadcrumbList\",\"@id\":\"https:\/\/yanthe.com\/index.php\/forside\/#breadcrumb\",\"itemListElement\":[{\"@type\":\"ListItem\",\"position\":1,\"name\":\"Home\",\"item\":\"https:\/\/yanthe.com\/\"},{\"@type\":\"ListItem\",\"position\":2,\"name\":\"Forside\"}]},{\"@type\":\"WebSite\",\"@id\":\"https:\/\/yanthe.com\/#website\",\"url\":\"https:\/\/yanthe.com\/\",\"name\":\"Yanthe - Community Artist &amp; Story-Builder\",\"description\":\"\",\"potentialAction\":[{\"@type\":\"SearchAction\",\"target\":{\"@type\":\"EntryPoint\",\"urlTemplate\":\"https:\/\/yanthe.com\/?s={search_term_string}\"},\"query-input\":{\"@type\":\"PropertyValueSpecification\",\"valueRequired\":true,\"valueName\":\"search_term_string\"}}],\"inLanguage\":\"en-GB\"}]}<\/script>\n<!-- \/ Yoast SEO plugin. -->","yoast_head_json":{"title":"Yanthe \u2013 Kunst i f\u00e6llesskab, fort\u00e6lling og forandring","description":"Dyk ned i kunstprojekter der forbinder mennesker gennem f\u00e6llesskab, kreativitet og fort\u00e6lling. Oplev hjerteslag, traktorer og fantasi.","robots":{"index":"index","follow":"follow","max-snippet":"max-snippet:-1","max-image-preview":"max-image-preview:large","max-video-preview":"max-video-preview:-1"},"canonical":"https:\/\/yanthe.com\/index.php\/forside\/","og_locale":"en_GB","og_type":"article","og_title":"Yanthe \u2013 Kunst i f\u00e6llesskab, fort\u00e6lling og forandring","og_description":"Dyk ned i kunstprojekter der forbinder mennesker gennem f\u00e6llesskab, kreativitet og fort\u00e6lling. Oplev hjerteslag, traktorer og fantasi.","og_url":"https:\/\/yanthe.com\/index.php\/forside\/","og_site_name":"Yanthe - Community Artist &amp; Story-Builder","article_modified_time":"2025-04-14T09:51:20+00:00","twitter_card":"summary_large_image","twitter_misc":{"Estimated reading time":"1 minute"},"schema":{"@context":"https:\/\/schema.org","@graph":[{"@type":"WebPage","@id":"https:\/\/yanthe.com\/index.php\/forside\/","url":"https:\/\/yanthe.com\/index.php\/forside\/","name":"Yanthe \u2013 Kunst i f\u00e6llesskab, fort\u00e6lling og forandring","isPartOf":{"@id":"https:\/\/yanthe.com\/#website"},"datePublished":"2025-04-06T16:20:56+00:00","dateModified":"2025-04-14T09:51:20+00:00","description":"Dyk ned i kunstprojekter der forbinder mennesker gennem f\u00e6llesskab, kreativitet og fort\u00e6lling. Oplev hjerteslag, traktorer og fantasi.","breadcrumb":{"@id":"https:\/\/yanthe.com\/index.php\/forside\/#breadcrumb"},"inLanguage":"en-GB","potentialAction":[{"@type":"ReadAction","target":["https:\/\/yanthe.com\/index.php\/forside\/"]}]},{"@type":"BreadcrumbList","@id":"https:\/\/yanthe.com\/index.php\/forside\/#breadcrumb","itemListElement":[{"@type":"ListItem","position":1,"name":"Home","item":"https:\/\/yanthe.com\/"},{"@type":"ListItem","position":2,"name":"Forside"}]},{"@type":"WebSite","@id":"https:\/\/yanthe.com\/#website","url":"https:\/\/yanthe.com\/","name":"Yanthe - Community Artist &amp; Story-Builder","description":"","potentialAction":[{"@type":"SearchAction","target":{"@type":"EntryPoint","urlTemplate":"https:\/\/yanthe.com\/?s={search_term_string}"},"query-input":{"@type":"PropertyValueSpecification","valueRequired":true,"valueName":"search_term_string"}}],"inLanguage":"en-GB"}]}},"_links":{"self":[{"href":"https:\/\/yanthe.com\/index.php\/wp-json\/wp\/v2\/pages\/395","targetHints":{"allow":["GET"]}}],"collection":[{"href":"https:\/\/yanthe.com\/index.php\/wp-json\/wp\/v2\/pages"}],"about":[{"href":"https:\/\/yanthe.com\/index.php\/wp-json\/wp\/v2\/types\/page"}],"author":[{"embeddable":true,"href":"https:\/\/yanthe.com\/index.php\/wp-json\/wp\/v2\/users\/1"}],"replies":[{"embeddable":true,"href":"https:\/\/yanthe.com\/index.php\/wp-json\/wp\/v2\/comments?post=395"}],"version-history":[{"count":31,"href":"https:\/\/yanthe.com\/index.php\/wp-json\/wp\/v2\/pages\/395\/revisions"}],"predecessor-version":[{"id":528,"href":"https:\/\/yanthe.com\/index.php\/wp-json\/wp\/v2\/pages\/395\/revisions\/528"}],"wp:attachment":[{"href":"https:\/\/yanthe.com\/index.php\/wp-json\/wp\/v2\/media?parent=395"}],"curies":[{"name":"wp","href":"https:\/\/api.w.org\/{rel}","templated":true}]}}